{"id":2835,"date":"2017-04-08T17:33:44","date_gmt":"2017-04-08T15:33:44","guid":{"rendered":"https:\/\/www.enutrain.de\/?page_id=2835\/"},"modified":"2017-08-22T16:26:47","modified_gmt":"2017-08-22T14:26:47","slug":"enuresis","status":"publish","type":"page","link":"https:\/\/www.enutrain.de\/en\/enuresis\/","title":{"rendered":"What is Enuresis?"},"content":{"rendered":"[vc_row type=&#8221;full_width_background&#8221; full_screen_row_position=&#8221;middle&#8221; scene_position=&#8221;center&#8221; text_color=&#8221;dark&#8221; text_align=&#8221;left&#8221; top_padding=&#8221;100&#8243; bottom_padding=&#8221;0&#8243; overlay_strength=&#8221;0.3&#8243;][vc_column column_padding=&#8221;no-extra-padding&#8221; column_padding_position=&#8221;all&#8221; background_color_opacity=&#8221;1&#8243; background_hover_color_opacity=&#8221;1&#8243; width=&#8221;1\/1&#8243; tablet_text_alignment=&#8221;default&#8221; phone_text_alignment=&#8221;default&#8221;][vc_column_text css=&#8221;.vc_custom_1494259608542{margin-top: -20px !important;}&#8221;]\n<p style=\"text-align: left;\"><span style=\"color: #f8f8f8; font-size: 10%; line-height: 0px;\">Enuresis: Weder Eltern noch Kinder sind schuld am Bettn\u00e4ssen! Ursachen und Behandlungsmethoden f\u00fcr Prim\u00e4re und Sekund\u00e4re Enuresis.<\/span><\/p>\n[\/vc_column_text][vc_column_text]\n<h1><img loading=\"lazy\" decoding=\"async\" class=\"iPadPic alignright wp-image-4066 size-full\" src=\"https:\/\/www.enutrain.de\/wp-content\/uploads\/2017\/04\/Enuresis-Doc.png\" alt=\"Wissenswertes \u00fcber Enuresis: Weder Eltern noch Kinder sind schuld am Bettn\u00e4ssen! Ursachen und Behandlungsmethoden f\u00fcr Prim\u00e4re und Sekund\u00e4re Enuresis.\" width=\"251\" height=\"400\" srcset=\"https:\/\/www.enutrain.de\/wp-content\/uploads\/2017\/04\/Enuresis-Doc.png 251w, https:\/\/www.enutrain.de\/wp-content\/uploads\/2017\/04\/Enuresis-Doc-188x300.png 188w\" sizes=\"auto, (max-width: 251px) 100vw, 251px\" \/>Enuresis affects every seventh child<\/h1>\n<blockquote><p>Nocturnal wetting (enuresis) can have many different causes and is unsettling for the affected children as well as their parents. After allergies, enuresis is the second most common health disorder in childhood. Up to 15% of first-graders are not dry at night.<\/p>\n<p>With some of these children, the problem disappears by itself. For others, this behavior solidifies. The mounting helplessness could become a stress factor, increase the psychological pressure and intensify the problem. Therefore, it is especially important to quickly and effectively find an aid to prevent this negative cycle or to break through it with successful experiences.<\/p><\/blockquote>\n[\/vc_column_text][\/vc_column][\/vc_row][vc_row type=&#8221;full_width_background&#8221; full_screen_row_position=&#8221;middle&#8221; bg_image=&#8221;3441&#8243; bg_position=&#8221;center top&#8221; bg_repeat=&#8221;no-repeat&#8221; scene_position=&#8221;center&#8221; text_color=&#8221;dark&#8221; text_align=&#8221;left&#8221; top_padding=&#8221;50&#8243; bottom_padding=&#8221;50&#8243; class=&#8221;mobilestarline&#8221; overlay_strength=&#8221;0.3&#8243;][vc_column column_padding=&#8221;no-extra-padding&#8221; column_padding_position=&#8221;all&#8221; background_color_opacity=&#8221;1&#8243; background_hover_color_opacity=&#8221;1&#8243; width=&#8221;1\/1&#8243; tablet_text_alignment=&#8221;default&#8221; phone_text_alignment=&#8221;default&#8221;][\/vc_column][\/vc_row][vc_row type=&#8221;full_width_background&#8221; full_screen_row_position=&#8221;middle&#8221; bg_color=&#8221;#ffffff&#8221; scene_position=&#8221;center&#8221; text_color=&#8221;dark&#8221; text_align=&#8221;left&#8221; top_padding=&#8221;0&#8243; bottom_padding=&#8221;50&#8243; overlay_strength=&#8221;0.3&#8243;][vc_column column_padding=&#8221;no-extra-padding&#8221; column_padding_position=&#8221;all&#8221; background_color_opacity=&#8221;1&#8243; background_hover_color_opacity=&#8221;1&#8243; width=&#8221;1\/1&#8243; tablet_text_alignment=&#8221;default&#8221; phone_text_alignment=&#8221;default&#8221;][vc_raw_html]JTNDYSUyMGlkJTNEJTIyc2VrdW5kYWVyZS1lbnVyZXNpcyUyMiUzRSUzQyUyRmElM0U=[\/vc_raw_html][vc_column_text]\n<h2>A wet bed is not the fault of the parents or the child<\/h2>\n<blockquote><p>There are two common forms of bedwetting:<\/p><\/blockquote>\n[\/vc_column_text][\/vc_column][\/vc_row][vc_row type=&#8221;full_width_background&#8221; full_screen_row_position=&#8221;middle&#8221; bg_color=&#8221;#ffffff&#8221; scene_position=&#8221;center&#8221; text_color=&#8221;dark&#8221; text_align=&#8221;center&#8221; bottom_padding=&#8221;50&#8243; overlay_strength=&#8221;0.3&#8243;][vc_column column_padding=&#8221;no-extra-padding&#8221; column_padding_position=&#8221;all&#8221; background_color_opacity=&#8221;1&#8243; background_hover_color_opacity=&#8221;1&#8243; width=&#8221;1\/2&#8243; tablet_text_alignment=&#8221;default&#8221; phone_text_alignment=&#8221;default&#8221;][nectar_flip_box bg_color=&#8221;#faf6e8&#8243; text_color=&#8221;dark&#8221; icon_color=&#8221;Accent-Color&#8221; bg_color_2=&#8221;#faf6e8&#8243; text_color_2=&#8221;dark&#8221; h_text_align=&#8221;center&#8221; v_text_align=&#8221;center&#8221; flip_direction=&#8221;vertical-to-bottom&#8221; min_height=&#8221;250&#8243; front_content=&#8221;Primary bedwetting<br \/>\n(Primary enuresis nocturna)&#8221;]In primary enuresis nocturna, bedwetting exists from birth without any long dry periods. This is not an educational error! It is simply a normal variant of human growth and learning. Neither the parents nor the child are at fault for the situation.[\/nectar_flip_box][\/vc_column][vc_column column_padding=&#8221;no-extra-padding&#8221; column_padding_position=&#8221;all&#8221; background_color_opacity=&#8221;1&#8243; background_hover_color_opacity=&#8221;1&#8243; width=&#8221;1\/2&#8243; tablet_text_alignment=&#8221;default&#8221; phone_text_alignment=&#8221;default&#8221;][nectar_flip_box bg_color=&#8221;#faf6e8&#8243; text_color=&#8221;dark&#8221; icon_color=&#8221;Accent-Color&#8221; bg_color_2=&#8221;#faf6e8&#8243; text_color_2=&#8221;dark&#8221; h_text_align=&#8221;center&#8221; v_text_align=&#8221;center&#8221; flip_direction=&#8221;vertical-to-bottom&#8221; front_content=&#8221;Secondary bedwetting<br \/>\n(Secondary enuresis nocturna)&#8221; min_height=&#8221;250&#8243;]If the child relapses after five years of age and prolonged dryness (secondary enuresis), the psyche is often the trigger. Possible causes can be the birth of a sibling, troubles in the family or even out-of-family stress factors.[\/nectar_flip_box][\/vc_column][\/vc_row][vc_row type=&#8221;full_width_background&#8221; full_screen_row_position=&#8221;middle&#8221; bg_image=&#8221;4364&#8243; bg_position=&#8221;center top&#8221; bg_repeat=&#8221;no-repeat&#8221; bg_color=&#8221;#ffffff&#8221; scene_position=&#8221;center&#8221; text_color=&#8221;light&#8221; text_align=&#8221;left&#8221; top_padding=&#8221;50&#8243; bottom_padding=&#8221;25&#8243; class=&#8221;mobilestarline&#8221; overlay_strength=&#8221;0.3&#8243;][vc_column column_padding=&#8221;no-extra-padding&#8221; column_padding_position=&#8221;all&#8221; background_color_opacity=&#8221;1&#8243; background_hover_color_opacity=&#8221;1&#8243; width=&#8221;1\/1&#8243; tablet_text_alignment=&#8221;default&#8221; phone_text_alignment=&#8221;default&#8221;][\/vc_column][\/vc_row][vc_row type=&#8221;full_width_background&#8221; full_screen_row_position=&#8221;middle&#8221; scene_position=&#8221;center&#8221; text_color=&#8221;dark&#8221; text_align=&#8221;left&#8221; top_padding=&#8221;0&#8243; bottom_padding=&#8221;50&#8243; overlay_strength=&#8221;0.3&#8243;][vc_column column_padding=&#8221;no-extra-padding&#8221; column_padding_position=&#8221;all&#8221; background_color_opacity=&#8221;1&#8243; background_hover_color_opacity=&#8221;1&#8243; width=&#8221;1\/1&#8243; tablet_text_alignment=&#8221;default&#8221; phone_text_alignment=&#8221;default&#8221;][vc_column_text]\n<h2>A common cause of enuresis are wake-up disorders<\/h2>\n<p><img loading=\"lazy\" decoding=\"async\" class=\"alignright wp-image-3317 size-full\" title=\"Ein h\u00e4ufiger Grund f\u00fcr Enuresis sind Aufwachst\u00f6rungen.\" src=\"https:\/\/www.enutrain.de\/wp-content\/uploads\/2017\/04\/Enuresis-01-1.jpg\" alt=\"Ein h\u00e4ufiger Grund f\u00fcr Enuresis sind Aufwachst\u00f6rungen\" width=\"625\" height=\"316\" srcset=\"https:\/\/www.enutrain.de\/wp-content\/uploads\/2017\/04\/Enuresis-01-1.jpg 625w, https:\/\/www.enutrain.de\/wp-content\/uploads\/2017\/04\/Enuresis-01-1-300x152.jpg 300w\" sizes=\"auto, (max-width: 625px) 100vw, 625px\" \/>The causes of primary enuresis are nowadays assumed to depend on a number of factors including a delayed maturation of the sleep-wake switch in the brain. Approximately one third of enuretic children can be distinguished from non-bedwetters by their inability to wake up.<\/p>\n<p>In everyday speech, bedwetters with wake-up disorders are called \u201cdeep sleepers.\u201d However, they sleep no more deeply than non-bedwetters. The difference is that the stimuli of a full bladder are usually suppressed by the central nervous system or responded to by waking up. In bedwetters, this response is unreliable.<\/p>\n<h2>Waiting is not a solution<\/h2>\n<p><img loading=\"lazy\" decoding=\"async\" class=\"alignleft wp-image-3423 size-full\" title=\"Die Scham \u00fcber das st\u00e4ndig feuchte Bett nagt am Selbstbewusstsein der Kinder und ist h\u00e4ufig eine Ursache f\u00fcr sp\u00e4tere Minderwertigkeitskomplexe.\" src=\"https:\/\/www.enutrain.de\/wp-content\/uploads\/2017\/04\/Enuresis-03-4.png\" alt=\"Die Scham \u00fcber das st\u00e4ndig feuchte Bett nagt am Selbstbewusstsein der Kinder und ist h\u00e4ufig eine Ursache f\u00fcr sp\u00e4tere Minderwertigkeitskomplexe.\" width=\"130\" height=\"110\" \/>Parents seeking advice are frequently advised to wait a bit before beginning treatment. \u201cThe child will grow out of it,\u201d they are told. This waiting can have fatal psychological consequences for the child, however. Studies have shown that, per year, only one out of seven bedwetting children will learn to stay dry with no therapeutic help. Without treatment, the problem can often persist for many years. The shame about the constantly wet bed can be a cause for later inferiority complexes.<\/p>\n<h2><img loading=\"lazy\" decoding=\"async\" class=\"alignright wp-image-3321 size-full\" title=\"We want to make parental support in handling enuresis as easy as possible with our ENUTRAIN\u00ae wake-up trainer.\" src=\"https:\/\/www.enutrain.de\/wp-content\/uploads\/2017\/04\/Enuresis-02.jpg\" alt=\"We want to make parental support in handling enuresis as easy as possible with our ENUTRAIN\u00ae wake-up trainer\" width=\"625\" height=\"341\" srcset=\"https:\/\/www.enutrain.de\/wp-content\/uploads\/2017\/04\/Enuresis-02.jpg 625w, https:\/\/www.enutrain.de\/wp-content\/uploads\/2017\/04\/Enuresis-02-300x164.jpg 300w\" sizes=\"auto, (max-width: 625px) 100vw, 625px\" \/><br \/>\nIncrease self-confidence<\/h2>\n<p>No mother or father wants their child to have impaired confidence, especially when this consequence of bedwetting can be reliably prevented with ENUTRAIN<sup>\u00ae<\/sup>. A few months of joint effort by parents and child can ensure that this health disorder will soon become a thing of the past.<\/p>\n[nectar_btn size=&#8221;large&#8221; button_style=&#8221;see-through&#8221; button_color_2=&#8221;extra-color-gradient-1&#8243; icon_family=&#8221;fontawesome&#8221; url=&#8221;https:\/\/www.enutrain.de\/en\/how-enutrain-assists\/&#8221; text=&#8221;HOW ENUTRAIN ASSISTS&#8221; icon_fontawesome=&#8221;fa fa-angle-right&#8221;][\/vc_column_text][\/vc_column][\/vc_row][vc_row type=&#8221;full_width_background&#8221; full_screen_row_position=&#8221;middle&#8221; bg_image=&#8221;3441&#8243; bg_position=&#8221;center top&#8221; bg_repeat=&#8221;no-repeat&#8221; scene_position=&#8221;center&#8221; text_color=&#8221;dark&#8221; text_align=&#8221;left&#8221; top_padding=&#8221;50&#8243; bottom_padding=&#8221;50&#8243; class=&#8221;mobilestarline&#8221; overlay_strength=&#8221;0.3&#8243;][vc_column column_padding=&#8221;no-extra-padding&#8221; column_padding_position=&#8221;all&#8221; background_color_opacity=&#8221;1&#8243; background_hover_color_opacity=&#8221;1&#8243; width=&#8221;1\/1&#8243; tablet_text_alignment=&#8221;default&#8221; phone_text_alignment=&#8221;default&#8221;][\/vc_column][\/vc_row][vc_row type=&#8221;full_width_background&#8221; full_screen_row_position=&#8221;middle&#8221; bg_color=&#8221;#ffffff&#8221; scene_position=&#8221;center&#8221; text_color=&#8221;dark&#8221; text_align=&#8221;left&#8221; top_padding=&#8221;30&#8243; bottom_padding=&#8221;20&#8243; overlay_strength=&#8221;0.3&#8243;][vc_column column_padding=&#8221;no-extra-padding&#8221; column_padding_position=&#8221;all&#8221; background_color_opacity=&#8221;1&#8243; background_hover_color_opacity=&#8221;1&#8243; width=&#8221;1\/4&#8243; tablet_text_alignment=&#8221;default&#8221; phone_text_alignment=&#8221;default&#8221;][ultimate_modal modal_on=&#8221;image&#8221; btn_img=&#8221;3491&#8243; modal_size=&#8221;medium&#8221; modal_style=&#8221;overlay-fade&#8221; el_class=&#8221;enuresis-back&#8221;][wpt_test_first_page id=4896][\/ultimate_modal][\/vc_column][vc_column column_padding=&#8221;no-extra-padding&#8221; column_padding_position=&#8221;all&#8221; background_color_opacity=&#8221;1&#8243; background_hover_color_opacity=&#8221;1&#8243; width=&#8221;3\/4&#8243; tablet_text_alignment=&#8221;default&#8221; phone_text_alignment=&#8221;default&#8221;][vc_column_text]\n<h3>SLEEP TYPE<\/h3>\n<p>If you do not know your child\u2019s exact type of sleep, you can use our interactive checklist for optimal wake-up training. Click the picture to get to the form.[\/vc_column_text][\/vc_column][\/vc_row][vc_row type=&#8221;full_width_background&#8221; full_screen_row_position=&#8221;middle&#8221; bg_image=&#8221;2904&#8243; bg_position=&#8221;center top&#8221; bg_repeat=&#8221;no-repeat&#8221; bg_color=&#8221;#ffffff&#8221; scene_position=&#8221;center&#8221; text_color=&#8221;light&#8221; text_align=&#8221;left&#8221; top_padding=&#8221;50&#8243; bottom_padding=&#8221;50&#8243; class=&#8221;mobilestarline&#8221; overlay_strength=&#8221;0.3&#8243;][vc_column column_padding=&#8221;no-extra-padding&#8221; column_padding_position=&#8221;all&#8221; background_color_opacity=&#8221;1&#8243; background_hover_color_opacity=&#8221;1&#8243; width=&#8221;1\/1&#8243; tablet_text_alignment=&#8221;default&#8221; phone_text_alignment=&#8221;default&#8221;][\/vc_column][\/vc_row][vc_row type=&#8221;full_width_background&#8221; full_screen_row_position=&#8221;middle&#8221; bg_color=&#8221;#009fe3&#8243; scene_position=&#8221;center&#8221; text_color=&#8221;light&#8221; text_align=&#8221;left&#8221; top_padding=&#8221;20&#8243; bottom_padding=&#8221;60&#8243; class=&#8221;marginbottomfooter&#8221; overlay_strength=&#8221;0.3&#8243;][vc_column enable_animation=&#8221;true&#8221; animation=&#8221;fade-in-from-bottom&#8221; centered_text=&#8221;true&#8221; column_padding=&#8221;no-extra-padding&#8221; column_padding_position=&#8221;all&#8221; background_color_opacity=&#8221;1&#8243; background_hover_color_opacity=&#8221;1&#8243; width=&#8221;1\/2&#8243; tablet_text_alignment=&#8221;default&#8221; phone_text_alignment=&#8221;default&#8221;][vc_column_text]\n<blockquote><p>Do you have any other questions about bedwetting or our ENUTRAIN<sup>\u00ae<\/sup> wake-up trainer? Feel free to use our free telephone consulting service! We are available monday to friday from 8:30 a.m. to 4 p.m.<\/p><\/blockquote>\n[\/vc_column_text][divider line_type=&#8221;No Line&#8221; custom_height=&#8221;40&#8243;][vc_column_text el_class=&#8221;like-btn-modal&#8221; max_width=&#8221;500px&#8221;]Service-Hotline: +49 40 600 198 50[\/vc_column_text][\/vc_column][vc_column enable_animation=&#8221;true&#8221; animation=&#8221;fade-in-from-bottom&#8221; centered_text=&#8221;true&#8221; column_padding=&#8221;no-extra-padding&#8221; column_padding_position=&#8221;all&#8221; background_color_opacity=&#8221;1&#8243; background_hover_color_opacity=&#8221;1&#8243; width=&#8221;1\/2&#8243; tablet_text_alignment=&#8221;default&#8221; phone_text_alignment=&#8221;default&#8221;][vc_column_text]\n<blockquote><p>The statements on our homepage on the causes and treatment options of enuresis are covered by scientifically founded publications. For further information please refer to our bibliographical references.<\/p><\/blockquote>\n[\/vc_column_text][divider line_type=&#8221;No Line&#8221; custom_height=&#8221;40&#8243;][nectar_btn size=&#8221;jumbo&#8221; button_style=&#8221;see-through&#8221; button_color_2=&#8221;extra-color-gradient-2&#8243; icon_family=&#8221;none&#8221; url=&#8221;https:\/\/www.enutrain.de\/en\/literature\/&#8221; text=&#8221;BIBLIOGRAPHICAL REFERENCES&#8221;][\/vc_column][\/vc_row][vc_row type=&#8221;full_width_background&#8221; full_screen_row_position=&#8221;middle&#8221; bg_color=&#8221;rgba(255,255,255,0.01)&#8221; scene_position=&#8221;center&#8221; text_color=&#8221;dark&#8221; text_align=&#8221;left&#8221; top_padding=&#8221;0&#8243; bottom_padding=&#8221;0&#8243; class=&#8221;notipadlandscape&#8221; overlay_strength=&#8221;0.3&#8243;][vc_column column_padding=&#8221;no-extra-padding&#8221; column_padding_position=&#8221;all&#8221; background_color_opacity=&#8221;1&#8243; background_hover_color_opacity=&#8221;1&#8243; width=&#8221;1\/1&#8243; tablet_text_alignment=&#8221;default&#8221; phone_text_alignment=&#8221;default&#8221;][\/vc_column][\/vc_row]\n","protected":false},"excerpt":{"rendered":"<p>[vc_row type=&#8221;full_width_background&#8221; full_screen_row_position=&#8221;middle&#8221; scene_position=&#8221;center&#8221; text_color=&#8221;dark&#8221; text_align=&#8221;left&#8221; top_padding=&#8221;100&#8243; bottom_padding=&#8221;0&#8243; overlay_strength=&#8221;0.3&#8243;][vc_column column_padding=&#8221;no-extra-padding&#8221; column_padding_position=&#8221;all&#8221; background_color_opacity=&#8221;1&#8243; background_hover_color_opacity=&#8221;1&#8243; width=&#8221;1\/1&#8243; tablet_text_alignment=&#8221;default&#8221; phone_text_alignment=&#8221;default&#8221;][vc_column_text css=&#8221;.vc_custom_1494259608542{margin-top: -20px !important;}&#8221;] Enuresis: Weder Eltern noch Kinder sind schuld am Bettn\u00e4ssen! Ursachen und&#8230;<\/p>\n","protected":false},"author":1,"featured_media":0,"parent":0,"menu_order":0,"comment_status":"closed","ping_status":"closed","template":"","meta":{"footnotes":""},"class_list":["post-2835","page","type-page","status-publish"],"_links":{"self":[{"href":"https:\/\/www.enutrain.de\/en\/wp-json\/wp\/v2\/pages\/2835","targetHints":{"allow":["GET"]}}],"collection":[{"href":"https:\/\/www.enutrain.de\/en\/wp-json\/wp\/v2\/pages"}],"about":[{"href":"https:\/\/www.enutrain.de\/en\/wp-json\/wp\/v2\/types\/page"}],"author":[{"embeddable":true,"href":"https:\/\/www.enutrain.de\/en\/wp-json\/wp\/v2\/users\/1"}],"replies":[{"embeddable":true,"href":"https:\/\/www.enutrain.de\/en\/wp-json\/wp\/v2\/comments?post=2835"}],"version-history":[{"count":0,"href":"https:\/\/www.enutrain.de\/en\/wp-json\/wp\/v2\/pages\/2835\/revisions"}],"wp:attachment":[{"href":"https:\/\/www.enutrain.de\/en\/wp-json\/wp\/v2\/media?parent=2835"}],"curies":[{"name":"wp","href":"https:\/\/api.w.org\/{rel}","templated":true}]}}